{"id":1636,"date":"2021-08-22T15:02:22","date_gmt":"2021-08-22T15:02:22","guid":{"rendered":"https:\/\/demo.ovatheme.com\/kababi\/?page_id=1636"},"modified":"2023-06-23T23:05:07","modified_gmt":"2023-06-23T23:05:07","slug":"about-us","status":"publish","type":"page","link":"http:\/\/ilvecchio.com.mx.previewc40.carrierzone.com\/?page_id=1636","title":{"rendered":"Acerca de"},"content":{"rendered":"\t\t<div data-elementor-type=\"wp-page\" data-elementor-id=\"1636\" class=\"elementor elementor-1636\">\n\t\t\t\t\t\t<section class=\"elementor-section elementor-top-section elementor-element elementor-element-9f0e034 elementor-section-boxed elementor-section-height-default elementor-section-height-default\" data-id=\"9f0e034\" data-element_type=\"section\" data-settings=\"{&quot;background_background&quot;:&quot;classic&quot;}\">\n\t\t\t\t\t\t<div class=\"elementor-container elementor-column-gap-default\">\n\t\t\t\t\t<div class=\"elementor-column elementor-col-100 elementor-top-column elementor-element elementor-element-2a217ca\" data-id=\"2a217ca\" data-element_type=\"column\">\n\t\t\t<div class=\"elementor-widget-wrap elementor-element-populated\">\n\t\t\t\t\t\t<div class=\"elementor-element elementor-element-4fd66df elementor-widget elementor-widget-kababi_elementor_heading\" data-id=\"4fd66df\" data-element_type=\"widget\" data-widget_type=\"kababi_elementor_heading.default\">\n\t\t\t\t<div class=\"elementor-widget-container\">\n\t\t\t\t\t\t\t<div class=\"ova-heading\">\n\n\t\t\t<h2 class=\"title \">\n\n\t\t\t\tPor qu\u00e9 elegirnos\n\t\t\t<\/h2>\n\n\t\t\t\t\t\t\t\t<div class=\"bg-title\">Acerca de<\/div>\n\t\t\t\t\t\t\n\t\t\t\t\t\t\t\t<p class=\"description\">por el sabor de Italia en Coatepec<\/p>\n\t\t\t\t\t \t\n\t    <\/div>\n\t\t\t\t\t\t<\/div>\n\t\t\t\t<\/div>\n\t\t\t\t<div class=\"elementor-element elementor-element-1fc1ec7 elementor-absolute elementor-widget__width-initial elementor-hidden-mobile elementor-widget elementor-widget-image\" data-id=\"1fc1ec7\" data-element_type=\"widget\" data-settings=\"{&quot;_position&quot;:&quot;absolute&quot;}\" data-widget_type=\"image.default\">\n\t\t\t\t<div class=\"elementor-widget-container\">\n\t\t\t\t\t\t\t\t\t\t\t\t\t\t\t<img decoding=\"async\" width=\"155\" height=\"155\" src=\"http:\/\/ilvecchio.com.mx.previewc40.carrierzone.com\/wp-content\/uploads\/2021\/09\/quality.png\" class=\"attachment-large size-large wp-image-4203\" alt=\"quality\" srcset=\"http:\/\/ilvecchio.com.mx.previewc40.carrierzone.com\/wp-content\/uploads\/2021\/09\/quality.png 155w, http:\/\/ilvecchio.com.mx.previewc40.carrierzone.com\/wp-content\/uploads\/2021\/09\/quality-150x150.png 150w\" sizes=\"(max-width: 155px) 100vw, 155px\" \/>\t\t\t\t\t\t\t\t\t\t\t\t\t\t\t<\/div>\n\t\t\t\t<\/div>\n\t\t\t\t<section class=\"elementor-section elementor-inner-section elementor-element elementor-element-740d79f elementor-section-boxed elementor-section-height-default elementor-section-height-default\" data-id=\"740d79f\" data-element_type=\"section\">\n\t\t\t\t\t\t<div class=\"elementor-container elementor-column-gap-default\">\n\t\t\t\t\t<div class=\"elementor-column elementor-col-33 elementor-inner-column elementor-element elementor-element-05bc11a\" data-id=\"05bc11a\" data-element_type=\"column\" data-settings=\"{&quot;background_background&quot;:&quot;classic&quot;}\">\n\t\t\t<div class=\"elementor-widget-wrap elementor-element-populated\">\n\t\t\t\t\t\t<div class=\"elementor-element elementor-element-e41bb9d elementor-widget elementor-widget-kababi_elementor_heading\" data-id=\"e41bb9d\" data-element_type=\"widget\" data-widget_type=\"kababi_elementor_heading.default\">\n\t\t\t\t<div class=\"elementor-widget-container\">\n\t\t\t\t\t\t\t<div class=\"ova-heading\">\n\n\t\t\t<h2 class=\"title title-capitalize\">\n\n\t\t\t\t\u00a1Bienvenido a Il Vecchio Ristorante!\n\t\t\t<\/h2>\n\n\t\t\t\t\t\t\n\t\t\t\t\t\t\t\t<p class=\"description\">En Il Vecchio Ristorante, llevamos el encanto y la esencia de Italia directamente a tu plato. Somos un restaurante familiar ubicado en la ciudad de Coatepec, donde nuestros comensales pueden disfrutar de una experiencia gastron\u00f3mica aut\u00e9ntica y llena de sabor.\n\nNuestra pasi\u00f3n por la cocina italiana tradicional se refleja en cada uno de nuestros platos. Utilizamos los ingredientes m\u00e1s frescos y de la m\u00e1s alta calidad para crear aut\u00e9nticas obras maestras culinarias. Desde exquisitas pastas artesanales hasta pizzas de masa fina y crujiente, cada bocado te transportar\u00e1 a las calles de Roma o N\u00e1poles.<\/p>\n\t\t\t\t\t \t\n\t    <\/div>\n\t\t\t\t\t\t<\/div>\n\t\t\t\t<\/div>\n\t\t\t\t<div class=\"elementor-element elementor-element-c404643 elementor-widget elementor-widget-kababi_elementor_button\" data-id=\"c404643\" data-element_type=\"widget\" data-widget_type=\"kababi_elementor_button.default\">\n\t\t\t\t<div class=\"elementor-widget-container\">\n\t\t\t\t\t\t\t<div class=\"ova-button\">\n\t\t\t<a href=\"http:\/\/ilvecchio.com.mx.previewc40.carrierzone.com\/?page_id=368\" role=\"button\" >\n\t\t\t\t<span class=\"ova-button-wrapper\">\n\t\t\t\t\t\t\t\t\t\t\t<span class=\"ova-text\">Conoce nuestro men\u00fa<\/span>\n\t\t\t\t\t\t\t\t\t\t\t<span class=\"ova-icon-after\">\n\t\t\t\t\t\t\t<i class=\"ovaicon-next-4\"><\/i>\n\t\t\t\t\t\t<\/span>\n\t\t\t\t\t\t\t\t\t<\/span>\n\t\t\t<\/a>\n\t\t<\/div>\n\t\t \t\n\t\t\t\t\t\t<\/div>\n\t\t\t\t<\/div>\n\t\t\t\t\t<\/div>\n\t\t<\/div>\n\t\t\t\t<div class=\"elementor-column elementor-col-33 elementor-inner-column elementor-element elementor-element-d77e9d7 elementor-hidden-mobile\" data-id=\"d77e9d7\" data-element_type=\"column\" data-settings=\"{&quot;background_background&quot;:&quot;classic&quot;}\">\n\t\t\t<div class=\"elementor-widget-wrap elementor-element-populated\">\n\t\t\t\t\t\t<div class=\"elementor-element elementor-element-ade34b2 elementor-widget elementor-widget-image\" data-id=\"ade34b2\" data-element_type=\"widget\" data-widget_type=\"image.default\">\n\t\t\t\t<div class=\"elementor-widget-container\">\n\t\t\t\t\t\t\t\t\t\t\t\t\t\t\t<img fetchpriority=\"high\" decoding=\"async\" width=\"1024\" height=\"1024\" src=\"http:\/\/ilvecchio.com.mx.previewc40.carrierzone.com\/wp-content\/uploads\/2023\/06\/11-5-2023-terraza2.jpg\" class=\"attachment-full size-full wp-image-6311\" alt=\"\" srcset=\"http:\/\/ilvecchio.com.mx.previewc40.carrierzone.com\/wp-content\/uploads\/2023\/06\/11-5-2023-terraza2.jpg 1024w, http:\/\/ilvecchio.com.mx.previewc40.carrierzone.com\/wp-content\/uploads\/2023\/06\/11-5-2023-terraza2-300x300.jpg 300w, http:\/\/ilvecchio.com.mx.previewc40.carrierzone.com\/wp-content\/uploads\/2023\/06\/11-5-2023-terraza2-150x150.jpg 150w, http:\/\/ilvecchio.com.mx.previewc40.carrierzone.com\/wp-content\/uploads\/2023\/06\/11-5-2023-terraza2-768x768.jpg 768w\" sizes=\"(max-width: 1024px) 100vw, 1024px\" \/>\t\t\t\t\t\t\t\t\t\t\t\t\t\t\t<\/div>\n\t\t\t\t<\/div>\n\t\t\t\t\t<\/div>\n\t\t<\/div>\n\t\t\t\t<div class=\"elementor-column elementor-col-33 elementor-inner-column elementor-element elementor-element-61609c0\" data-id=\"61609c0\" data-element_type=\"column\" data-settings=\"{&quot;background_background&quot;:&quot;classic&quot;}\">\n\t\t\t<div class=\"elementor-widget-wrap elementor-element-populated\">\n\t\t\t\t\t\t<div class=\"elementor-element elementor-element-8f43683 elementor-widget elementor-widget-heading\" data-id=\"8f43683\" data-element_type=\"widget\" data-widget_type=\"heading.default\">\n\t\t\t\t<div class=\"elementor-widget-container\">\n\t\t\t\t\t<h2 class=\"elementor-heading-title elementor-size-default\">Creemos en la importancia de ofrecer un servicio c\u00e1lido y amigable. Nos esforzamos por satisfacer tus necesidades y superar tus expectativas en cada visita.<\/h2>\t\t\t\t<\/div>\n\t\t\t\t<\/div>\n\t\t\t\t<div class=\"elementor-element elementor-element-3e798d0 elementor-widget elementor-widget-heading\" data-id=\"3e798d0\" data-element_type=\"widget\" data-widget_type=\"heading.default\">\n\t\t\t\t<div class=\"elementor-widget-container\">\n\t\t\t\t\t<h2 class=\"elementor-heading-title elementor-size-small\">Nuestro acogedor y elegante ambiente te invita a relajarte y disfrutar de una velada memorable. Ya sea que est\u00e9s buscando una cena rom\u00e1ntica para dos, una comida en familia o una celebraci\u00f3n especial, nuestro restaurante es el lugar perfecto. Adem\u00e1s, contamos con una extensa carta de vinos italianos cuidadosamente seleccionados para maridar tus platos de manera excepcional.<\/h2>\t\t\t\t<\/div>\n\t\t\t\t<\/div>\n\t\t\t\t<div class=\"elementor-element elementor-element-d8520ff elementor-widget elementor-widget-kababi_elementor_contact_info\" data-id=\"d8520ff\" data-element_type=\"widget\" data-widget_type=\"kababi_elementor_contact_info.default\">\n\t\t\t\t<div class=\"elementor-widget-container\">\n\t\t\t\t\t\t\t\t<div class=\"ova-contact-info template1\">\n\t\t\t\t\n\t\t\t\t\t\t\t\t\t<div class=\"icon\">\n\t\t\t\t\t\t<i class=\"far fa-heart\"><\/i>\n\t\t\t\t\t<\/div>\t\n\t\t\t\t\t\t\t\t\n\n\t\t\t\t<div class=\"contact\">\n\t\t\t\t\t\n\t\t\t\t\t\t\t\t\t\t\t<div class=\"label\">\n\t\t\t\t\t\t\t10,457+\t\t\t\t\t\t<\/div>\n\t\t\t\t\t\n\t\t\t\t\t<ul class=\"info\">\n\t\t\t\t\t\t\n\t\t\t\t\t\t\t\t<li class=\"item\">\n\n\t\t\t\t\t\t\t\t\t\t\t\t\t\t\t\t\t\t\t\t\tClientes satisfechos\t\t\t\t\t\t\t\t\t\t\t\t\t\t\t\t\t\t\t<\/li>\n\t\t\t\t\t\t\t\n\t\t\t\t\t\t\t\t\t\t\t<\/ul>\n\n\t\t\t\t<\/div>\n\n\t\t\t<\/div>\n\n\t\t\t\t\t\t<\/div>\n\t\t\t\t<\/div>\n\t\t\t\t\t<\/div>\n\t\t<\/div>\n\t\t\t\t\t<\/div>\n\t\t<\/section>\n\t\t\t\t<section class=\"elementor-section elementor-inner-section elementor-element elementor-element-b24681d elementor-section-boxed elementor-section-height-default elementor-section-height-default\" data-id=\"b24681d\" data-element_type=\"section\">\n\t\t\t\t\t\t<div class=\"elementor-container elementor-column-gap-default\">\n\t\t\t\t\t<div class=\"elementor-column elementor-col-100 elementor-inner-column elementor-element elementor-element-6caad9d\" data-id=\"6caad9d\" data-element_type=\"column\" data-settings=\"{&quot;background_background&quot;:&quot;classic&quot;}\">\n\t\t\t<div class=\"elementor-widget-wrap elementor-element-populated\">\n\t\t\t\t\t\t<div class=\"elementor-element elementor-element-25f8c62 elementor-widget elementor-widget-heading\" data-id=\"25f8c62\" data-element_type=\"widget\" data-widget_type=\"heading.default\">\n\t\t\t\t<div class=\"elementor-widget-container\">\n\t\t\t\t\t<h2 class=\"elementor-heading-title elementor-size-default\">En Il Vecchio Ristorante, creemos en la importancia de compartir momentos especiales alrededor de la mesa. Por ello, ofrecemos servicios de catering para eventos y celebraciones privadas. Ya sea que est\u00e9s planeando una reuni\u00f3n \u00edntima o un evento empresarial, nos encargaremos de brindarte una experiencia gastron\u00f3mica inolvidable.\n<\/h2>\t\t\t\t<\/div>\n\t\t\t\t<\/div>\n\t\t\t\t<div class=\"elementor-element elementor-element-717de47 elementor-widget elementor-widget-heading\" data-id=\"717de47\" data-element_type=\"widget\" data-widget_type=\"heading.default\">\n\t\t\t\t<div class=\"elementor-widget-container\">\n\t\t\t\t\t<h2 class=\"elementor-heading-title elementor-size-small\">Estamos encantados de recibirte y compartir contigo nuestra pasi\u00f3n por la cocina italiana. Ven y descubre el aut\u00e9ntico sabor de Italia en cada bocado. \u00a1Te esperamos con los brazos abiertos!\n<br><br>\nEl equipo de Il Vecchio Ristorante\n<\/h2>\t\t\t\t<\/div>\n\t\t\t\t<\/div>\n\t\t\t\t\t<\/div>\n\t\t<\/div>\n\t\t\t\t\t<\/div>\n\t\t<\/section>\n\t\t\t\t\t<\/div>\n\t\t<\/div>\n\t\t\t\t\t<\/div>\n\t\t<\/section>\n\t\t\t\t<section class=\"elementor-section elementor-top-section elementor-element elementor-element-98ac4b1 elementor-section-boxed elementor-section-height-default elementor-section-height-default\" data-id=\"98ac4b1\" data-element_type=\"section\" data-settings=\"{&quot;background_background&quot;:&quot;classic&quot;}\">\n\t\t\t\t\t\t\t<div class=\"elementor-background-overlay\"><\/div>\n\t\t\t\t\t\t\t<div class=\"elementor-container elementor-column-gap-default\">\n\t\t\t\t\t<div class=\"elementor-column elementor-col-33 elementor-top-column elementor-element elementor-element-b5e9c21\" data-id=\"b5e9c21\" data-element_type=\"column\">\n\t\t\t<div class=\"elementor-widget-wrap elementor-element-populated\">\n\t\t\t\t\t\t<div class=\"elementor-element elementor-element-38b9650 elementor-widget elementor-widget-kababi_elementor_icon\" data-id=\"38b9650\" data-element_type=\"widget\" data-widget_type=\"kababi_elementor_icon.default\">\n\t\t\t\t<div class=\"elementor-widget-container\">\n\t\t\t\t\t\n        \t\t\t<div class=\"ova-icon\">\n\t\t\t\t<i class=\"flaticon-chef\"><\/i>\n\t\t\t<\/div>\n\t\t  \t\n\n\t\t\t\t\t\t<\/div>\n\t\t\t\t<\/div>\n\t\t\t\t<div class=\"elementor-element elementor-element-c95dd88 elementor-widget elementor-widget-counter\" data-id=\"c95dd88\" data-element_type=\"widget\" data-widget_type=\"counter.default\">\n\t\t\t\t<div class=\"elementor-widget-container\">\n\t\t\t\t\t\t\t<div class=\"elementor-counter\">\n\t\t\t<div class=\"elementor-counter-title\">Recetas Originales<\/div>\t\t\t<div class=\"elementor-counter-number-wrapper\">\n\t\t\t\t<span class=\"elementor-counter-number-prefix\"><\/span>\n\t\t\t\t<span class=\"elementor-counter-number\" data-duration=\"2000\" data-to-value=\"309\" data-from-value=\"9\" data-delimiter=\",\">9<\/span>\n\t\t\t\t<span class=\"elementor-counter-number-suffix\"><\/span>\n\t\t\t<\/div>\n\t\t<\/div>\n\t\t\t\t\t\t<\/div>\n\t\t\t\t<\/div>\n\t\t\t\t\t<\/div>\n\t\t<\/div>\n\t\t\t\t<div class=\"elementor-column elementor-col-33 elementor-top-column elementor-element elementor-element-1b153cf\" data-id=\"1b153cf\" data-element_type=\"column\">\n\t\t\t<div class=\"elementor-widget-wrap elementor-element-populated\">\n\t\t\t\t\t\t<div class=\"elementor-element elementor-element-53a91ac elementor-widget elementor-widget-kababi_elementor_icon\" data-id=\"53a91ac\" data-element_type=\"widget\" data-widget_type=\"kababi_elementor_icon.default\">\n\t\t\t\t<div class=\"elementor-widget-container\">\n\t\t\t\t\t\n        \t\t\t<div class=\"ova-icon\">\n\t\t\t\t<i class=\"flaticon-cutlery\"><\/i>\n\t\t\t<\/div>\n\t\t  \t\n\n\t\t\t\t\t\t<\/div>\n\t\t\t\t<\/div>\n\t\t\t\t<div class=\"elementor-element elementor-element-f43bbf7 elementor-widget elementor-widget-counter\" data-id=\"f43bbf7\" data-element_type=\"widget\" data-widget_type=\"counter.default\">\n\t\t\t\t<div class=\"elementor-widget-container\">\n\t\t\t\t\t\t\t<div class=\"elementor-counter\">\n\t\t\t<div class=\"elementor-counter-title\">A\u00f1os de experiencia<\/div>\t\t\t<div class=\"elementor-counter-number-wrapper\">\n\t\t\t\t<span class=\"elementor-counter-number-prefix\"><\/span>\n\t\t\t\t<span class=\"elementor-counter-number\" data-duration=\"2000\" data-to-value=\"10\" data-from-value=\"0\" data-delimiter=\",\">0<\/span>\n\t\t\t\t<span class=\"elementor-counter-number-suffix\">+<\/span>\n\t\t\t<\/div>\n\t\t<\/div>\n\t\t\t\t\t\t<\/div>\n\t\t\t\t<\/div>\n\t\t\t\t\t<\/div>\n\t\t<\/div>\n\t\t\t\t<div class=\"elementor-column elementor-col-33 elementor-top-column elementor-element elementor-element-c7a2b19\" data-id=\"c7a2b19\" data-element_type=\"column\">\n\t\t\t<div class=\"elementor-widget-wrap elementor-element-populated\">\n\t\t\t\t\t\t<div class=\"elementor-element elementor-element-a422b33 elementor-widget elementor-widget-kababi_elementor_icon\" data-id=\"a422b33\" data-element_type=\"widget\" data-widget_type=\"kababi_elementor_icon.default\">\n\t\t\t\t<div class=\"elementor-widget-container\">\n\t\t\t\t\t\n        \t\t\t<div class=\"ova-icon\">\n\t\t\t\t<i class=\"flaticon-pizza-1\"><\/i>\n\t\t\t<\/div>\n\t\t  \t\n\n\t\t\t\t\t\t<\/div>\n\t\t\t\t<\/div>\n\t\t\t\t<div class=\"elementor-element elementor-element-1278e2e elementor-widget elementor-widget-counter\" data-id=\"1278e2e\" data-element_type=\"widget\" data-widget_type=\"counter.default\">\n\t\t\t\t<div class=\"elementor-widget-container\">\n\t\t\t\t\t\t\t<div class=\"elementor-counter\">\n\t\t\t<div class=\"elementor-counter-title\">Clientes Satisfechos<\/div>\t\t\t<div class=\"elementor-counter-number-wrapper\">\n\t\t\t\t<span class=\"elementor-counter-number-prefix\"><\/span>\n\t\t\t\t<span class=\"elementor-counter-number\" data-duration=\"2000\" data-to-value=\"10457\" data-from-value=\"1000\" data-delimiter=\",\">1000<\/span>\n\t\t\t\t<span class=\"elementor-counter-number-suffix\"><\/span>\n\t\t\t<\/div>\n\t\t<\/div>\n\t\t\t\t\t\t<\/div>\n\t\t\t\t<\/div>\n\t\t\t\t\t<\/div>\n\t\t<\/div>\n\t\t\t\t\t<\/div>\n\t\t<\/section>\n\t\t\t\t<section class=\"elementor-section elementor-top-section elementor-element elementor-element-3d1e6ca elementor-section-full_width elementor-section-height-default elementor-section-height-default\" data-id=\"3d1e6ca\" data-element_type=\"section\" data-settings=\"{&quot;background_background&quot;:&quot;classic&quot;}\">\n\t\t\t\t\t\t<div class=\"elementor-container elementor-column-gap-default\">\n\t\t\t\t\t<div class=\"elementor-column elementor-col-100 elementor-top-column elementor-element elementor-element-f252257\" data-id=\"f252257\" data-element_type=\"column\">\n\t\t\t<div class=\"elementor-widget-wrap\">\n\t\t\t\t\t\t\t<\/div>\n\t\t<\/div>\n\t\t\t\t\t<\/div>\n\t\t<\/section>\n\t\t\t\t<\/div>\n\t\t","protected":false},"excerpt":{"rendered":"<p>Por qu\u00e9 elegirnos Acerca de por el sabor de Italia en Coatepec \u00a1Bienvenido a Il Vecchio Ristorante! En Il Vecchio Ristorante, llevamos el encanto y la esencia de Italia directamente a tu plato. Somos un restaurante familiar ubicado en la ciudad de Coatepec, donde nuestros comensales pueden disfrutar de una experiencia gastron\u00f3mica aut\u00e9ntica y llena [&hellip;]<\/p>\n","protected":false},"author":1,"featured_media":0,"parent":0,"menu_order":0,"comment_status":"closed","ping_status":"closed","template":"elementor_header_footer","meta":{"_monsterinsights_skip_tracking":false,"_monsterinsights_sitenote_active":false,"_monsterinsights_sitenote_note":"","_monsterinsights_sitenote_category":0,"footnotes":""},"class_list":["post-1636","page","type-page","status-publish","hentry"],"aioseo_notices":[],"_links":{"self":[{"href":"http:\/\/ilvecchio.com.mx.previewc40.carrierzone.com\/index.php?rest_route=\/wp\/v2\/pages\/1636","targetHints":{"allow":["GET"]}}],"collection":[{"href":"http:\/\/ilvecchio.com.mx.previewc40.carrierzone.com\/index.php?rest_route=\/wp\/v2\/pages"}],"about":[{"href":"http:\/\/ilvecchio.com.mx.previewc40.carrierzone.com\/index.php?rest_route=\/wp\/v2\/types\/page"}],"author":[{"embeddable":true,"href":"http:\/\/ilvecchio.com.mx.previewc40.carrierzone.com\/index.php?rest_route=\/wp\/v2\/users\/1"}],"replies":[{"embeddable":true,"href":"http:\/\/ilvecchio.com.mx.previewc40.carrierzone.com\/index.php?rest_route=%2Fwp%2Fv2%2Fcomments&post=1636"}],"version-history":[{"count":15,"href":"http:\/\/ilvecchio.com.mx.previewc40.carrierzone.com\/index.php?rest_route=\/wp\/v2\/pages\/1636\/revisions"}],"predecessor-version":[{"id":6395,"href":"http:\/\/ilvecchio.com.mx.previewc40.carrierzone.com\/index.php?rest_route=\/wp\/v2\/pages\/1636\/revisions\/6395"}],"wp:attachment":[{"href":"http:\/\/ilvecchio.com.mx.previewc40.carrierzone.com\/index.php?rest_route=%2Fwp%2Fv2%2Fmedia&parent=1636"}],"curies":[{"name":"wp","href":"https:\/\/api.w.org\/{rel}","templated":true}]}}